{"id":3949,"date":"2015-08-05T15:27:45","date_gmt":"2015-08-05T13:27:45","guid":{"rendered":"https:\/\/www.mcc-events.de\/impressum\/"},"modified":"2025-05-16T10:13:31","modified_gmt":"2025-05-16T08:13:31","slug":"impressum","status":"publish","type":"page","link":"https:\/\/www.mcc-events.de\/en\/impressum\/","title":{"rendered":"Imprint"},"content":{"rendered":"<p>[et_pb_section fb_built=&#8221;1&#8243; theme_builder_area=&#8221;post_content&#8221; _builder_version=&#8221;4.27.4&#8243; _module_preset=&#8221;default&#8221;][et_pb_row _builder_version=&#8221;4.27.4&#8243; _module_preset=&#8221;default&#8221; theme_builder_area=&#8221;post_content&#8221;][et_pb_column _builder_version=&#8221;4.27.4&#8243; _module_preset=&#8221;default&#8221; theme_builder_area=&#8221;post_content&#8221;][et_pb_text _builder_version=&#8221;4.27.4&#8243; _module_preset=&#8221;default&#8221; theme_builder_area=&#8221;post_content&#8221; hover_enabled=&#8221;0&#8243; sticky_enabled=&#8221;0&#8243;]<\/p>\n<h1>Site Notice<\/h1>\n<h2>Information provided according to Sec. 5 German Telemedia Act (TMG):<\/h2>\n<p>mcc Agentur f\u00fcr Kommunikation GmbH<br \/>B\u00fclowstra\u00dfe 66<br \/>D1<br \/>10783 Berlin<\/p>\n<h2>Represented by:<\/h2>\n<p>Martina Creutzfeldt<\/p>\n<h2>Contact:<\/h2>\n<p>Telephone: 03061288611<br \/>Telefax: 03061288688<br \/>Email: info@mcc-events.de<\/p>\n<h2>Register entry:<\/h2>\n<p>Entry in the Handelsregister.<br \/>Registering court: Amtsgericht Charlottenburg<br \/>Registration number: 91413<\/p>\n<h2>VAT:<\/h2>\n<p>VAT Id number according to Sec. 27 a German Value Added Tax Act:<br \/>DE 232330198<\/p>\n<h2>Information concerning professional indemnity insurance:<\/h2>\n<p>Name and residence of insurer:<br \/>Name und Anschrift<\/p>\n<p>Scope of insurance: Geben Sie hier an, in welchen L\u00e4ndern die Police Ihrer Versicherung Sch\u00e4den abdeckt.<\/p>\n<h2>Dispute resolution<\/h2>\n<p>The European Commission provides a platform for online dispute resolution (OS):<span>\u00a0<\/span><a href=\"https:\/\/ec.europa.eu\/consumers\/odr\" target=\"_blank\" rel=\"noopener noreferrer\">https:\/\/ec.europa.eu\/consumers\/odr<\/a>.<br \/>Please find our email in the impressum\/legal notice.<\/p>\n<p>We do not take part in online dispute resolutions at consumer arbitration boards.<\/p>\n<h3>Liability for Contents<\/h3>\n<p>As service providers, we are liable for own contents of these websites according to Sec. 7, paragraph 1 German Telemedia Act (TMG). However, according to Sec. 8 to 10 German Telemedia Act (TMG), service providers are not obligated to permanently monitor submitted or stored information or to search for evidences that indicate illegal activities.<\/p>\n<p>Legal obligations to removing information or to blocking the use of information remain unchallenged. In this case, liability is only possible at the time of knowledge about a specific violation of law. Illegal contents will be removed immediately at the time we get knowledge of them.<\/p>\n<h3>Liability for Links<\/h3>\n<p>Our offer includes links to external third party websites. We have no influence on the contents of those websites, therefore we cannot guarantee for those contents. Providers or administrators of linked websites are always responsible for their own contents.<\/p>\n<p>The linked websites had been checked for possible violations of law at the time of the establishment of the link. Illegal contents were not detected at the time of the linking. A permanent monitoring of the contents of linked websites cannot be imposed without reasonable indications that there has been a violation of law. Illegal links will be removed immediately at the time we get knowledge of them.<\/p>\n<h3>Copyright<\/h3>\n<p>Contents and compilations published on these websites by the providers are subject to German copyright laws. Reproduction, editing, distribution as well as the use of any kind outside the scope of the copyright law require a written permission of the author or originator. Downloads and copies of these websites are permitted for private use only.<br \/>The commercial use of our contents without permission of the originator is prohibited.<\/p>\n<p>Copyright laws of third parties are respected as long as the contents on these websites do not originate from the provider. Contributions of third parties on this site are indicated as such. However, if you notice any violations of copyright law, please inform us. Such contents will be removed immediately<\/p>\n<p>[\/et_pb_text][\/et_pb_column][\/et_pb_row][\/et_pb_section]<\/p>\n","protected":false},"excerpt":{"rendered":"<p>Site Notice Information provided according to Sec. 5 German Telemedia Act (TMG): mcc Agentur f\u00fcr Kommunikation GmbHB\u00fclowstra\u00dfe 66D110783 Berlin Represented by: Martina Creutzfeldt Contact: Telephone: 03061288611Telefax: 03061288688Email: info@mcc-events.de Register entry: Entry in the Handelsregister.Registering court: Amtsgericht CharlottenburgRegistration number: 91413 VAT: VAT Id number according to Sec. 27 a German Value Added Tax Act:DE 232330198 Information [&hellip;]<\/p>\n","protected":false},"author":2,"featured_media":0,"parent":0,"menu_order":0,"comment_status":"closed","ping_status":"closed","template":"","meta":{"_et_pb_use_builder":"on","_et_pb_old_content":"","_et_gb_content_width":"","footnotes":""},"class_list":["post-3949","page","type-page","status-publish","hentry"],"yoast_head":"<!-- This site is optimized with the Yoast SEO plugin v27.4 - https:\/\/yoast.com\/product\/yoast-seo-wordpress\/ -->\n<title>Impressum - mcc-events<\/title>\n<meta name=\"description\" content=\"mcc Agentur f\u00fcr Kommunikation GmbH haftet nicht f\u00fcr die Richtigkeit, Vollst\u00e4ndigkeit und Aktualit\u00e4t der bereitgestellten Informationen, Angaben und Links.\" \/>\n<meta name=\"robots\" content=\"noindex, follow\" \/>\n<meta property=\"og:locale\" content=\"en_US\" \/>\n<meta property=\"og:type\" content=\"article\" \/>\n<meta property=\"og:title\" content=\"Impressum - mcc-events\" \/>\n<meta property=\"og:description\" content=\"mcc Agentur f\u00fcr Kommunikation GmbH haftet nicht f\u00fcr die Richtigkeit, Vollst\u00e4ndigkeit und Aktualit\u00e4t der bereitgestellten Informationen, Angaben und Links.\" \/>\n<meta property=\"og:url\" content=\"https:\/\/www.mcc-events.de\/en\/impressum\/\" \/>\n<meta property=\"og:site_name\" content=\"mcc-events\" \/>\n<meta property=\"article:modified_time\" content=\"2025-05-16T08:13:31+00:00\" \/>\n<meta name=\"twitter:card\" content=\"summary_large_image\" \/>\n<meta name=\"twitter:site\" content=\"@mccevent\" \/>\n<meta name=\"twitter:label1\" content=\"Est. reading time\" \/>\n\t<meta name=\"twitter:data1\" content=\"3 minutes\" \/>\n<script type=\"application\/ld+json\" class=\"yoast-schema-graph\">{\"@context\":\"https:\\\/\\\/schema.org\",\"@graph\":[{\"@type\":\"WebPage\",\"@id\":\"https:\\\/\\\/www.mcc-events.de\\\/en\\\/impressum\\\/\",\"url\":\"https:\\\/\\\/www.mcc-events.de\\\/en\\\/impressum\\\/\",\"name\":\"Impressum - mcc-events\",\"isPartOf\":{\"@id\":\"https:\\\/\\\/www.mcc-events.de\\\/en\\\/#website\"},\"datePublished\":\"2015-08-05T13:27:45+00:00\",\"dateModified\":\"2025-05-16T08:13:31+00:00\",\"description\":\"mcc Agentur f\u00fcr Kommunikation GmbH haftet nicht f\u00fcr die Richtigkeit, Vollst\u00e4ndigkeit und Aktualit\u00e4t der bereitgestellten Informationen, Angaben und Links.\",\"breadcrumb\":{\"@id\":\"https:\\\/\\\/www.mcc-events.de\\\/en\\\/impressum\\\/#breadcrumb\"},\"inLanguage\":\"en-US\",\"potentialAction\":[{\"@type\":\"ReadAction\",\"target\":[\"https:\\\/\\\/www.mcc-events.de\\\/en\\\/impressum\\\/\"]}]},{\"@type\":\"BreadcrumbList\",\"@id\":\"https:\\\/\\\/www.mcc-events.de\\\/en\\\/impressum\\\/#breadcrumb\",\"itemListElement\":[{\"@type\":\"ListItem\",\"position\":1,\"name\":\"Startseite\",\"item\":\"https:\\\/\\\/www.mcc-events.de\\\/en\\\/\"},{\"@type\":\"ListItem\",\"position\":2,\"name\":\"Imprint\"}]},{\"@type\":\"WebSite\",\"@id\":\"https:\\\/\\\/www.mcc-events.de\\\/en\\\/#website\",\"url\":\"https:\\\/\\\/www.mcc-events.de\\\/en\\\/\",\"name\":\"mcc-events\",\"description\":\"PR und EVENT Management f\u00fcr Wissenschaft &amp; Forschung\",\"publisher\":{\"@id\":\"https:\\\/\\\/www.mcc-events.de\\\/en\\\/#organization\"},\"potentialAction\":[{\"@type\":\"SearchAction\",\"target\":{\"@type\":\"EntryPoint\",\"urlTemplate\":\"https:\\\/\\\/www.mcc-events.de\\\/en\\\/?s={search_term_string}\"},\"query-input\":{\"@type\":\"PropertyValueSpecification\",\"valueRequired\":true,\"valueName\":\"search_term_string\"}}],\"inLanguage\":\"en-US\"},{\"@type\":\"Organization\",\"@id\":\"https:\\\/\\\/www.mcc-events.de\\\/en\\\/#organization\",\"name\":\"mcc Agentur f\u00fcr Kommunikation\",\"url\":\"https:\\\/\\\/www.mcc-events.de\\\/en\\\/\",\"logo\":{\"@type\":\"ImageObject\",\"inLanguage\":\"en-US\",\"@id\":\"https:\\\/\\\/www.mcc-events.de\\\/en\\\/#\\\/schema\\\/logo\\\/image\\\/\",\"url\":\"https:\\\/\\\/www.mcc-events.de\\\/wp-content\\\/uploads\\\/2015\\\/08\\\/mcc-events-logo-rot.png\",\"contentUrl\":\"https:\\\/\\\/www.mcc-events.de\\\/wp-content\\\/uploads\\\/2015\\\/08\\\/mcc-events-logo-rot.png\",\"width\":600,\"height\":277,\"caption\":\"mcc Agentur f\u00fcr Kommunikation\"},\"image\":{\"@id\":\"https:\\\/\\\/www.mcc-events.de\\\/en\\\/#\\\/schema\\\/logo\\\/image\\\/\"},\"sameAs\":[\"https:\\\/\\\/x.com\\\/mccevent\"]}]}<\/script>\n<!-- \/ Yoast SEO plugin. -->","yoast_head_json":{"title":"Impressum - mcc-events","description":"mcc Agentur f\u00fcr Kommunikation GmbH haftet nicht f\u00fcr die Richtigkeit, Vollst\u00e4ndigkeit und Aktualit\u00e4t der bereitgestellten Informationen, Angaben und Links.","robots":{"index":"noindex","follow":"follow"},"og_locale":"en_US","og_type":"article","og_title":"Impressum - mcc-events","og_description":"mcc Agentur f\u00fcr Kommunikation GmbH haftet nicht f\u00fcr die Richtigkeit, Vollst\u00e4ndigkeit und Aktualit\u00e4t der bereitgestellten Informationen, Angaben und Links.","og_url":"https:\/\/www.mcc-events.de\/en\/impressum\/","og_site_name":"mcc-events","article_modified_time":"2025-05-16T08:13:31+00:00","twitter_card":"summary_large_image","twitter_site":"@mccevent","twitter_misc":{"Est. reading time":"3 minutes"},"schema":{"@context":"https:\/\/schema.org","@graph":[{"@type":"WebPage","@id":"https:\/\/www.mcc-events.de\/en\/impressum\/","url":"https:\/\/www.mcc-events.de\/en\/impressum\/","name":"Impressum - mcc-events","isPartOf":{"@id":"https:\/\/www.mcc-events.de\/en\/#website"},"datePublished":"2015-08-05T13:27:45+00:00","dateModified":"2025-05-16T08:13:31+00:00","description":"mcc Agentur f\u00fcr Kommunikation GmbH haftet nicht f\u00fcr die Richtigkeit, Vollst\u00e4ndigkeit und Aktualit\u00e4t der bereitgestellten Informationen, Angaben und Links.","breadcrumb":{"@id":"https:\/\/www.mcc-events.de\/en\/impressum\/#breadcrumb"},"inLanguage":"en-US","potentialAction":[{"@type":"ReadAction","target":["https:\/\/www.mcc-events.de\/en\/impressum\/"]}]},{"@type":"BreadcrumbList","@id":"https:\/\/www.mcc-events.de\/en\/impressum\/#breadcrumb","itemListElement":[{"@type":"ListItem","position":1,"name":"Startseite","item":"https:\/\/www.mcc-events.de\/en\/"},{"@type":"ListItem","position":2,"name":"Imprint"}]},{"@type":"WebSite","@id":"https:\/\/www.mcc-events.de\/en\/#website","url":"https:\/\/www.mcc-events.de\/en\/","name":"mcc-events","description":"PR und EVENT Management f\u00fcr Wissenschaft &amp; Forschung","publisher":{"@id":"https:\/\/www.mcc-events.de\/en\/#organization"},"potentialAction":[{"@type":"SearchAction","target":{"@type":"EntryPoint","urlTemplate":"https:\/\/www.mcc-events.de\/en\/?s={search_term_string}"},"query-input":{"@type":"PropertyValueSpecification","valueRequired":true,"valueName":"search_term_string"}}],"inLanguage":"en-US"},{"@type":"Organization","@id":"https:\/\/www.mcc-events.de\/en\/#organization","name":"mcc Agentur f\u00fcr Kommunikation","url":"https:\/\/www.mcc-events.de\/en\/","logo":{"@type":"ImageObject","inLanguage":"en-US","@id":"https:\/\/www.mcc-events.de\/en\/#\/schema\/logo\/image\/","url":"https:\/\/www.mcc-events.de\/wp-content\/uploads\/2015\/08\/mcc-events-logo-rot.png","contentUrl":"https:\/\/www.mcc-events.de\/wp-content\/uploads\/2015\/08\/mcc-events-logo-rot.png","width":600,"height":277,"caption":"mcc Agentur f\u00fcr Kommunikation"},"image":{"@id":"https:\/\/www.mcc-events.de\/en\/#\/schema\/logo\/image\/"},"sameAs":["https:\/\/x.com\/mccevent"]}]}},"_links":{"self":[{"href":"https:\/\/www.mcc-events.de\/en\/wp-json\/wp\/v2\/pages\/3949","targetHints":{"allow":["GET"]}}],"collection":[{"href":"https:\/\/www.mcc-events.de\/en\/wp-json\/wp\/v2\/pages"}],"about":[{"href":"https:\/\/www.mcc-events.de\/en\/wp-json\/wp\/v2\/types\/page"}],"author":[{"embeddable":true,"href":"https:\/\/www.mcc-events.de\/en\/wp-json\/wp\/v2\/users\/2"}],"replies":[{"embeddable":true,"href":"https:\/\/www.mcc-events.de\/en\/wp-json\/wp\/v2\/comments?post=3949"}],"version-history":[{"count":0,"href":"https:\/\/www.mcc-events.de\/en\/wp-json\/wp\/v2\/pages\/3949\/revisions"}],"wp:attachment":[{"href":"https:\/\/www.mcc-events.de\/en\/wp-json\/wp\/v2\/media?parent=3949"}],"curies":[{"name":"wp","href":"https:\/\/api.w.org\/{rel}","templated":true}]}}